{"id":5574,"date":"2016-12-03T15:44:41","date_gmt":"2016-12-03T15:44:41","guid":{"rendered":"http:\/\/demo.wpzoom.com\/inspiro\/?page_id=5574"},"modified":"2025-09-10T10:32:34","modified_gmt":"2025-09-10T10:32:34","slug":"services","status":"publish","type":"page","link":"https:\/\/waterjet.expert\/de\/services\/","title":{"rendered":"Dienstleistungen"},"content":{"rendered":"\t\t<div data-elementor-type=\"wp-page\" data-elementor-id=\"5574\" class=\"elementor elementor-5574\">\n\t\t\t\t<div class=\"elementor-element elementor-element-105e6c6 e-flex e-con-boxed e-con e-parent\" data-id=\"105e6c6\" data-element_type=\"container\">\n\t\t\t\t\t<div class=\"e-con-inner\">\n\t\t\t\t<div class=\"elementor-element elementor-element-9ce0e37 elementor-align-center elementor-widget elementor-widget-button\" data-id=\"9ce0e37\" data-element_type=\"widget\" data-widget_type=\"button.default\">\n\t\t\t\t<div class=\"elementor-widget-container\">\n\t\t\t\t\t<div class=\"elementor-button-wrapper\">\n\t\t\t<a class=\"elementor-button elementor-button-link elementor-size-md\" href=\"https:\/\/waterjet.expert\/our-technology\/\">\n\t\t\t\t\t\t<span class=\"elementor-button-content-wrapper\">\n\t\t\t\t\t\t\t\t\t<span class=\"elementor-button-text\">Our Waterjet Systems<\/span>\n\t\t\t\t\t<\/span>\n\t\t\t\t\t<\/a>\n\t\t<\/div>\n\t\t\t\t<\/div>\n\t\t\t\t<\/div>\n\t\t\t\t<div class=\"elementor-element elementor-element-ce8b320 elementor-widget elementor-widget-spacer\" data-id=\"ce8b320\" data-element_type=\"widget\" data-widget_type=\"spacer.default\">\n\t\t\t\t<div class=\"elementor-widget-container\">\n\t\t\t<style>\/*! elementor - v3.23.0 - 05-08-2024 *\/\n.elementor-column .elementor-spacer-inner{height:var(--spacer-size)}.e-con{--container-widget-width:100%}.e-con-inner>.elementor-widget-spacer,.e-con>.elementor-widget-spacer{width:var(--container-widget-width,var(--spacer-size));--align-self:var(--container-widget-align-self,initial);--flex-shrink:0}.e-con-inner>.elementor-widget-spacer>.elementor-widget-container,.e-con>.elementor-widget-spacer>.elementor-widget-container{height:100%;width:100%}.e-con-inner>.elementor-widget-spacer>.elementor-widget-container>.elementor-spacer,.e-con>.elementor-widget-spacer>.elementor-widget-container>.elementor-spacer{height:100%}.e-con-inner>.elementor-widget-spacer>.elementor-widget-container>.elementor-spacer>.elementor-spacer-inner,.e-con>.elementor-widget-spacer>.elementor-widget-container>.elementor-spacer>.elementor-spacer-inner{height:var(--container-widget-height,var(--spacer-size))}.e-con-inner>.elementor-widget-spacer.elementor-widget-empty,.e-con>.elementor-widget-spacer.elementor-widget-empty{position:relative;min-height:22px;min-width:22px}.e-con-inner>.elementor-widget-spacer.elementor-widget-empty .elementor-widget-empty-icon,.e-con>.elementor-widget-spacer.elementor-widget-empty .elementor-widget-empty-icon{position:absolute;top:0;bottom:0;left:0;right:0;margin:auto;padding:0;width:22px;height:22px}<\/style>\t\t<div class=\"elementor-spacer\">\n\t\t\t<div class=\"elementor-spacer-inner\"><\/div>\n\t\t<\/div>\n\t\t\t\t<\/div>\n\t\t\t\t<\/div>\n\t\t\t\t\t<\/div>\n\t\t\t\t<\/div>\n\t\t\t\t<section class=\"elementor-section elementor-top-section elementor-element elementor-element-3587175 elementor-section-height-min-height elementor-section-boxed elementor-section-height-default elementor-section-items-middle\" data-id=\"3587175\" data-element_type=\"section\" data-settings=\"{&quot;background_background&quot;:&quot;classic&quot;}\">\n\t\t\t\t\t\t<div class=\"elementor-container elementor-column-gap-no\">\n\t\t\t\t\t<div class=\"elementor-column elementor-col-100 elementor-top-column elementor-element elementor-element-5b690f3\" data-id=\"5b690f3\" data-element_type=\"column\">\n\t\t\t<div class=\"elementor-widget-wrap elementor-element-populated\">\n\t\t\t\t\t\t<div class=\"elementor-element elementor-element-9ae121d elementor-widget elementor-widget-spacer\" data-id=\"9ae121d\" data-element_type=\"widget\" data-widget_type=\"spacer.default\">\n\t\t\t\t<div class=\"elementor-widget-container\">\n\t\t\t\t\t<div class=\"elementor-spacer\">\n\t\t\t<div class=\"elementor-spacer-inner\"><\/div>\n\t\t<\/div>\n\t\t\t\t<\/div>\n\t\t\t\t<\/div>\n\t\t\t\t<div class=\"elementor-element elementor-element-cbb2e4e elementor-widget elementor-widget-heading\" data-id=\"cbb2e4e\" data-element_type=\"widget\" data-widget_type=\"heading.default\">\n\t\t\t\t<div class=\"elementor-widget-container\">\n\t\t\t<style>\/*! elementor - v3.23.0 - 05-08-2024 *\/\n.elementor-heading-title{padding:0;margin:0;line-height:1}.elementor-widget-heading .elementor-heading-title[class*=elementor-size-]>a{color:inherit;font-size:inherit;line-height:inherit}.elementor-widget-heading .elementor-heading-title.elementor-size-small{font-size:15px}.elementor-widget-heading .elementor-heading-title.elementor-size-medium{font-size:19px}.elementor-widget-heading .elementor-heading-title.elementor-size-large{font-size:29px}.elementor-widget-heading .elementor-heading-title.elementor-size-xl{font-size:39px}.elementor-widget-heading .elementor-heading-title.elementor-size-xxl{font-size:59px}<\/style><h2 class=\"elementor-heading-title elementor-size-default\">Waterjet Machining\u200b<\/h2>\t\t<\/div>\n\t\t\t\t<\/div>\n\t\t<div class=\"elementor-element elementor-element-d3c2649 e-con-full e-flex e-con e-parent\" data-id=\"d3c2649\" data-element_type=\"container\" data-settings=\"{&quot;background_background&quot;:&quot;classic&quot;}\">\n\t\t<div class=\"elementor-element elementor-element-784c0a5 e-con-full e-flex e-con e-child\" data-id=\"784c0a5\" data-element_type=\"container\" data-settings=\"{&quot;background_background&quot;:&quot;classic&quot;}\">\n\t\t\t\t<\/div>\n\t\t\t\t<div class=\"elementor-element elementor-element-6c09438 elementor-widget-mobile__width-inherit elementor-widget elementor-widget-text-editor\" data-id=\"6c09438\" data-element_type=\"widget\" data-widget_type=\"text-editor.default\">\n\t\t\t\t<div class=\"elementor-widget-container\">\n\t\t\t<style>\/*! elementor - v3.23.0 - 05-08-2024 *\/\n.elementor-widget-text-editor.elementor-drop-cap-view-stacked .elementor-drop-cap{background-color:#69727d;color:#fff}.elementor-widget-text-editor.elementor-drop-cap-view-framed .elementor-drop-cap{color:#69727d;border:3px solid;background-color:transparent}.elementor-widget-text-editor:not(.elementor-drop-cap-view-default) .elementor-drop-cap{margin-top:8px}.elementor-widget-text-editor:not(.elementor-drop-cap-view-default) .elementor-drop-cap-letter{width:1em;height:1em}.elementor-widget-text-editor .elementor-drop-cap{float:left;text-align:center;line-height:1;font-size:50px}.elementor-widget-text-editor .elementor-drop-cap-letter{display:inline-block}<\/style>\t\t\t\t<div class=\"flex flex-grow flex-col max-w-full\"><div class=\"min-h-[20px] text-message flex w-full flex-col items-end gap-2 whitespace-pre-wrap break-words [.text-message+&amp;]:mt-5 overflow-x-auto\" dir=\"auto\" data-message-author-role=\"assistant\" data-message-id=\"1b208170-b7f6-4a0e-8168-e9a6bfa87ef2\"><div class=\"flex w-full flex-col gap-1 empty:hidden first:pt-[3px]\"><div class=\"markdown prose w-full break-words dark:prose-invert light\"><p>With the water-abrasive jet, it is not only possible to cut through but rather to a specified depth through special parameterization of the process. By using specially adapted machining cycles, derived from milling processes, almost any geometry can be created, allowing for roughing processes on high-performance materials with low tool wear and low processing costs. To unlock the technological potential of water jet machining for 3D processing of high-performance materials for turbomachinery, we efficiently integrate the water jet as a flexible tool into existing process chains or open up new application fields.<\/p><\/div><\/div><\/div><\/div><div class=\"mt-1 flex gap-3 empty:hidden -ml-2\"><div class=\"items-center justify-start rounded-xl p-1 flex\"><div class=\"flex items-center\"><p><strong>Pre-processing of Turbomachine Blades<\/strong><\/p><p>The pre-processing of blade gaps in BLISKs (Blade Integrated Disks) can be carried out using the water jet removal process, similarly to milling, to near-final contour.<\/p><p><strong>Structuring and Activating Component Surfaces<\/strong><\/p><p>Component surfaces can be positively modified by water jet to improve the adhesion of subsequent coatings or bonding areas.<\/p><p><strong>Removing Coatings from Turbine Blades<\/strong><\/p><p>Coatings on turbine blades can be removed by the water jet in a particularly resource- and environmentally-friendly manner. This completely eliminates the need for elaborate preparation of the components or chemical aids.<\/p><p><strong>Drilling for Turbomachine and Device Construction<\/strong><\/p><p>Drillings of various shapes and depths can be made by water jet in almost all materials.<\/p><\/div><\/div><\/div>\t\t\t\t\t\t<\/div>\n\t\t\t\t<\/div>\n\t\t\t\t<\/div>\n\t\t\t\t\t<\/div>\n\t\t<\/div>\n\t\t\t\t\t<\/div>\n\t\t<\/section>\n\t\t\t\t<section class=\"elementor-section elementor-top-section elementor-element elementor-element-7d1bb2b3 elementor-section-height-min-height elementor-section-boxed elementor-section-height-default elementor-section-items-middle\" data-id=\"7d1bb2b3\" data-element_type=\"section\" data-settings=\"{&quot;background_background&quot;:&quot;classic&quot;}\">\n\t\t\t\t\t\t<div class=\"elementor-container elementor-column-gap-no\">\n\t\t\t\t\t<div class=\"elementor-column elementor-col-100 elementor-top-column elementor-element elementor-element-18e374b\" data-id=\"18e374b\" data-element_type=\"column\">\n\t\t\t<div class=\"elementor-widget-wrap elementor-element-populated\">\n\t\t\t\t\t\t<div class=\"elementor-element elementor-element-ff7e826 elementor-widget elementor-widget-spacer\" data-id=\"ff7e826\" data-element_type=\"widget\" data-widget_type=\"spacer.default\">\n\t\t\t\t<div class=\"elementor-widget-container\">\n\t\t\t\t\t<div class=\"elementor-spacer\">\n\t\t\t<div class=\"elementor-spacer-inner\"><\/div>\n\t\t<\/div>\n\t\t\t\t<\/div>\n\t\t\t\t<\/div>\n\t\t\t\t<div class=\"elementor-element elementor-element-aabc669 elementor-widget elementor-widget-heading\" data-id=\"aabc669\" data-element_type=\"widget\" data-widget_type=\"heading.default\">\n\t\t\t\t<div class=\"elementor-widget-container\">\n\t\t\t<h2 class=\"elementor-heading-title elementor-size-default\">Research<\/h2>\t\t<\/div>\n\t\t\t\t<\/div>\n\t\t<div class=\"elementor-element elementor-element-5ab64bb e-con-full e-flex e-con e-parent\" data-id=\"5ab64bb\" data-element_type=\"container\">\n\t\t<div class=\"elementor-element elementor-element-00d5168 e-con-full e-flex e-con e-child\" data-id=\"00d5168\" data-element_type=\"container\" data-settings=\"{&quot;background_background&quot;:&quot;classic&quot;}\">\n\t\t\t\t<\/div>\n\t\t\t\t<div class=\"elementor-element elementor-element-c90a46a elementor-widget__width-initial elementor-widget-mobile__width-inherit elementor-widget elementor-widget-text-editor\" data-id=\"c90a46a\" data-element_type=\"widget\" data-widget_type=\"text-editor.default\">\n\t\t\t\t<div class=\"elementor-widget-container\">\n\t\t\t\t\t\t\t<p>Innovation is at the heart of what we do. Building on our strong foundation from the Fraunhofer IPT, we conduct cutting-edge research to push the boundaries of waterjet technology. Our dedicated team strives to develop new techniques, improve existing processes, and explore novel applications. We are committed to advancing the field of high-pressure waterjet machining and beyond, ensuring that our clients benefit from the latest technological advancements and research-driven solutions.<\/p>\t\t\t\t\t\t<\/div>\n\t\t\t\t<\/div>\n\t\t\t\t<\/div>\n\t\t\t\t\t<\/div>\n\t\t<\/div>\n\t\t\t\t\t<\/div>\n\t\t<\/section>\n\t\t\t\t<section class=\"elementor-section elementor-top-section elementor-element elementor-element-9037857 elementor-section-height-min-height elementor-section-boxed elementor-section-height-default elementor-section-items-middle\" data-id=\"9037857\" data-element_type=\"section\" data-settings=\"{&quot;background_background&quot;:&quot;classic&quot;}\">\n\t\t\t\t\t\t<div class=\"elementor-container elementor-column-gap-no\">\n\t\t\t\t\t<div class=\"elementor-column elementor-col-100 elementor-top-column elementor-element elementor-element-e5bd7c8\" data-id=\"e5bd7c8\" data-element_type=\"column\">\n\t\t\t<div class=\"elementor-widget-wrap elementor-element-populated\">\n\t\t\t\t\t\t<div class=\"elementor-element elementor-element-469566d elementor-widget elementor-widget-spacer\" data-id=\"469566d\" data-element_type=\"widget\" data-widget_type=\"spacer.default\">\n\t\t\t\t<div class=\"elementor-widget-container\">\n\t\t\t\t\t<div class=\"elementor-spacer\">\n\t\t\t<div class=\"elementor-spacer-inner\"><\/div>\n\t\t<\/div>\n\t\t\t\t<\/div>\n\t\t\t\t<\/div>\n\t\t\t\t<div class=\"elementor-element elementor-element-09b368d elementor-widget elementor-widget-heading\" data-id=\"09b368d\" data-element_type=\"widget\" data-widget_type=\"heading.default\">\n\t\t\t\t<div class=\"elementor-widget-container\">\n\t\t\t<h2 class=\"elementor-heading-title elementor-size-default\">Technology Consulting<\/h2>\t\t<\/div>\n\t\t\t\t<\/div>\n\t\t<div class=\"elementor-element elementor-element-e2d9d13 e-con-full e-flex e-con e-parent\" data-id=\"e2d9d13\" data-element_type=\"container\">\n\t\t<div class=\"elementor-element elementor-element-7e8a30e e-con-full e-flex e-con e-child\" data-id=\"7e8a30e\" data-element_type=\"container\" data-settings=\"{&quot;background_background&quot;:&quot;classic&quot;}\">\n\t\t\t\t<\/div>\n\t\t\t\t<div class=\"elementor-element elementor-element-faa2b96 elementor-widget-mobile__width-inherit elementor-widget elementor-widget-text-editor\" data-id=\"faa2b96\" data-element_type=\"widget\" data-widget_type=\"text-editor.default\">\n\t\t\t\t<div class=\"elementor-widget-container\">\n\t\t\t\t\t\t\t<p>At HydroMill, we understand that implementing new technologies can be challenging. That\u2019s why we offer comprehensive consulting services to guide you through every step of your project. Our team of experts provides in-depth technology information and strategic advice tailored to your unique needs. Whether you are looking to integrate waterjet machining into your production line or need assistance with technology selection and process optimization, we are here to help. We empower our clients with the knowledge and support necessary to successfully realize their individual projects, driving innovation and efficiency in their operations.<\/p>\t\t\t\t\t\t<\/div>\n\t\t\t\t<\/div>\n\t\t\t\t<\/div>\n\t\t\t\t\t<\/div>\n\t\t<\/div>\n\t\t\t\t\t<\/div>\n\t\t<\/section>\n\t\t\t\t<section class=\"elementor-section elementor-top-section elementor-element elementor-element-eca88dc elementor-section-height-min-height elementor-section-boxed elementor-section-height-default elementor-section-items-middle\" data-id=\"eca88dc\" data-element_type=\"section\" data-settings=\"{&quot;background_background&quot;:&quot;classic&quot;}\">\n\t\t\t\t\t\t<div class=\"elementor-container elementor-column-gap-no\">\n\t\t\t\t\t<div class=\"elementor-column elementor-col-100 elementor-top-column elementor-element elementor-element-c5caf05\" data-id=\"c5caf05\" data-element_type=\"column\">\n\t\t\t<div class=\"elementor-widget-wrap elementor-element-populated\">\n\t\t\t\t\t\t<div class=\"elementor-element elementor-element-93762b7 elementor-widget elementor-widget-spacer\" data-id=\"93762b7\" data-element_type=\"widget\" data-widget_type=\"spacer.default\">\n\t\t\t\t<div class=\"elementor-widget-container\">\n\t\t\t\t\t<div class=\"elementor-spacer\">\n\t\t\t<div class=\"elementor-spacer-inner\"><\/div>\n\t\t<\/div>\n\t\t\t\t<\/div>\n\t\t\t\t<\/div>\n\t\t\t\t<div class=\"elementor-element elementor-element-702be04 elementor-widget elementor-widget-heading\" data-id=\"702be04\" data-element_type=\"widget\" data-widget_type=\"heading.default\">\n\t\t\t\t<div class=\"elementor-widget-container\">\n\t\t\t<h2 class=\"elementor-heading-title elementor-size-default\">innovation Consulting and funding Advice<\/h2>\t\t<\/div>\n\t\t\t\t<\/div>\n\t\t<div class=\"elementor-element elementor-element-e3fb360 e-con-full e-flex e-con e-parent\" data-id=\"e3fb360\" data-element_type=\"container\">\n\t\t<div class=\"elementor-element elementor-element-ee1fc2f e-con-full e-flex e-con e-child\" data-id=\"ee1fc2f\" data-element_type=\"container\" data-settings=\"{&quot;background_background&quot;:&quot;classic&quot;}\">\n\t\t\t\t<\/div>\n\t\t\t\t<div class=\"elementor-element elementor-element-a88a974 elementor-widget__width-initial elementor-widget-mobile__width-inherit elementor-widget elementor-widget-text-editor\" data-id=\"a88a974\" data-element_type=\"widget\" data-widget_type=\"text-editor.default\">\n\t\t\t\t<div class=\"elementor-widget-container\">\n\t\t\t\t\t\t\t<p>Innovation often requires funding, but the diversity and complexity of funding programs can be quite overwhelming. We offer not only valuable insights into the funding programs and processes as industrial partners and project coordinators, but also profound knowledge gained as group leaders and employees at the European research institute Fraunhofer IPT.<br \/><span style=\"font-family: var( --e-global-typography-text-font-family ), Sans-serif; font-weight: var( --e-global-typography-text-font-weight ); text-align: var(--text-align);\">Recently, we won the innovation competition for enhancing digital transformation <\/span><a style=\"font-family: var( --e-global-typography-text-font-family ), Sans-serif; font-weight: var( --e-global-typography-text-font-weight ); text-align: var(--text-align); background-color: #ffffff;\" href=\"https:\/\/www.in.nrw\/next\">Next.in.NRW<\/a><span style=\"font-family: var( --e-global-typography-text-font-family ), Sans-serif; font-weight: var( --e-global-typography-text-font-weight ); text-align: var(--text-align);\">\u00a0 with an e<\/span><span style=\"font-family: var( --e-global-typography-text-font-family ), Sans-serif; font-weight: var( --e-global-typography-text-font-weight ); text-align: var(--text-align);\">fficient process design for water jet milling through smart AI modeling (&#8220;<a href=\"https:\/\/jetski-project.eu\/\">JetsKI<\/a>&#8220;) <\/span><span style=\"font-family: var( --e-global-typography-text-font-family ), Sans-serif; font-weight: var( --e-global-typography-text-font-weight ); text-align: var(--text-align);\">as project coordinator and in <a href=\"https:\/\/www.in.nrw\/gesuender\">Ges\u00fcnder.in.NRW<\/a>\u00a0with the development of bone cell interaction assays for preclinical evaluation of bone integration of innovative materials (&#8220;<a href=\"https:\/\/klasseintegration.eu\/\">KIAssEIntegration<\/a>&#8220;). Both projects are supervised by the &#8220;Projekttr\u00e4ger J\u00fclich&#8221; and &#8220;Forschungszentrum J\u00fclich GmbH&#8221; and co-funded by the European Union.\u00a0<\/span><span style=\"text-align: var(--text-align);\"><span style=\"font-family: var( --e-global-typography-text-font-family ), Sans-serif;\"><span style=\"font-weight: var( --e-global-typography-text-font-weight );\">Furthermore, we were involved in multiple R&amp;D projects<\/span><\/span><\/span><span style=\"text-align: var(--text-align);\">\u00a0as well as infrastructure calls from <a href=\"https:\/\/www.eba.bund.de\/DE\/home_node.html\">EBA<\/a>, <a href=\"https:\/\/www.dzsf.bund.de\/DZSF\/DE\/home_node.html\">DZSF<\/a>, <a href=\"https:\/\/www.ira-sme.net\/#:~:text=IraSME%20is%20a%20network%20of,%2Dsized%20enterprises%20(SMEs).\">IraSME<\/a>, <a href=\"https:\/\/bmdv.bund.de\/DE\/Home\/home.html\">BMDV<\/a>, and other organizations<span style=\"font-family: var( --e-global-typography-text-font-family ), Sans-serif;\"><span style=\"font-weight: var( --e-global-typography-text-font-weight );\">.\u00a0<\/span><\/span><br \/><span style=\"font-family: var( --e-global-typography-text-font-family ), Sans-serif;\"><span style=\"font-weight: var( --e-global-typography-text-font-weight );\">This enables us to\u00a0<\/span><\/span>provide efficient support throughout the entire acquisition and funding process, allowing our customers to focus on their core business while <span style=\"font-family: var( --e-global-typography-text-font-family ), Sans-serif;\"><span style=\"font-weight: var( --e-global-typography-text-font-weight );\">realizing innovative projects.\u00a0<\/span><\/span><\/span><span style=\"font-family: var( --e-global-typography-text-font-family ), Sans-serif; font-weight: var( --e-global-typography-text-font-weight ); text-align: var(--text-align);\">Leveraging our extensive involvement across diverse industries, including turbomachinery, medical technology, production technologies, and digitalization, we provide our clients with expert consulting services for R&amp;D funding programs and acquisition strategies.<\/span><span style=\"text-align: var(--text-align); font-family: var( --e-global-typography-text-font-family ), Sans-serif; font-weight: var( --e-global-typography-text-font-weight );\">\u00a0<\/span><\/p>\t\t\t\t\t\t<\/div>\n\t\t\t\t<\/div>\n\t\t\t\t<\/div>\n\t\t\t\t\t<\/div>\n\t\t<\/div>\n\t\t\t\t\t<\/div>\n\t\t<\/section>\n\t\t\t\t<\/div>\n\t\t","protected":false},"excerpt":{"rendered":"<p>Our Waterjet Systems Waterjet Machining\u200b With the water-abrasive jet, it is not only possible to cut through but rather to a specified depth through special parameterization of the process. By &hellip; <\/p>\n<p class=\"link-more\"><a href=\"https:\/\/waterjet.expert\/de\/services\/\" class=\"more-link\">Mehr <span class=\"screen-reader-text\">\u00fcber &#8220;Our Services&#8221; <\/span>Lesen<\/a><\/p>","protected":false},"author":1,"featured_media":0,"parent":0,"menu_order":0,"comment_status":"closed","ping_status":"closed","template":"page-templates\/full-width-builder-bb.php","meta":{"inspiro_hide_title":false},"featured_media_urls":[],"_links":{"self":[{"href":"https:\/\/waterjet.expert\/de\/wp-json\/wp\/v2\/pages\/5574"}],"collection":[{"href":"https:\/\/waterjet.expert\/de\/wp-json\/wp\/v2\/pages"}],"about":[{"href":"https:\/\/waterjet.expert\/de\/wp-json\/wp\/v2\/types\/page"}],"author":[{"embeddable":true,"href":"https:\/\/waterjet.expert\/de\/wp-json\/wp\/v2\/users\/1"}],"replies":[{"embeddable":true,"href":"https:\/\/waterjet.expert\/de\/wp-json\/wp\/v2\/comments?post=5574"}],"version-history":[{"count":139,"href":"https:\/\/waterjet.expert\/de\/wp-json\/wp\/v2\/pages\/5574\/revisions"}],"predecessor-version":[{"id":7461,"href":"https:\/\/waterjet.expert\/de\/wp-json\/wp\/v2\/pages\/5574\/revisions\/7461"}],"wp:attachment":[{"href":"https:\/\/waterjet.expert\/de\/wp-json\/wp\/v2\/media?parent=5574"}],"curies":[{"name":"wp","href":"https:\/\/api.w.org\/{rel}","templated":true}]}}